{"id":1685,"date":"2021-02-15T09:32:40","date_gmt":"2021-02-15T08:32:40","guid":{"rendered":"https:\/\/19poludnik.pl\/?page_id=1685"},"modified":"2024-02-06T13:09:55","modified_gmt":"2024-02-06T12:09:55","slug":"contact","status":"publish","type":"page","link":"https:\/\/19poludnik.pl\/en\/contact\/","title":{"rendered":"contact"},"content":{"rendered":"","protected":false},"excerpt":{"rendered":"","protected":false},"author":6,"featured_media":0,"parent":0,"menu_order":0,"comment_status":"closed","ping_status":"closed","template":"","meta":{"content-type":"","_monsterinsights_skip_tracking":false,"_monsterinsights_sitenote_active":false,"_monsterinsights_sitenote_note":"","_monsterinsights_sitenote_category":0,"footnotes":""},"class_list":["post-1685","page","type-page","status-publish","hentry"],"acf":[],"yoast_head":"<!-- This site is optimized with the Yoast SEO Premium plugin v21.3 (Yoast SEO v27.4) - https:\/\/yoast.com\/product\/yoast-seo-premium-wordpress\/ -->\n<title>19 Po\u0142udnik - Kontakt z nami<\/title>\n<meta name=\"description\" content=\"Porozmawiajmy o tym, jak mo\u017cemy zrealizowa\u0107 Twoje cele. Skontaktuj si\u0119 z nami w sprawie nowej strategii, nowej strony WWW, kampanii reklamowej\" \/>\n<meta name=\"robots\" content=\"index, follow, max-snippet:-1, max-image-preview:large, max-video-preview:-1\" \/>\n<link rel=\"canonical\" href=\"https:\/\/19poludnik.pl\/en\/contact\/\" \/>\n<meta property=\"og:locale\" content=\"en_US\" \/>\n<meta property=\"og:type\" content=\"article\" \/>\n<meta property=\"og:title\" content=\"contact\" \/>\n<meta property=\"og:description\" content=\"Porozmawiajmy o tym, jak mo\u017cemy zrealizowa\u0107 Twoje cele. Skontaktuj si\u0119 z nami w sprawie nowej strategii, nowej strony WWW, kampanii reklamowej\" \/>\n<meta property=\"og:url\" content=\"https:\/\/19poludnik.pl\/en\/contact\/\" \/>\n<meta property=\"og:site_name\" content=\"19 Po\u0142udnik\" \/>\n<meta property=\"article:publisher\" content=\"https:\/\/www.facebook.com\/19poludnik\" \/>\n<meta property=\"article:modified_time\" content=\"2024-02-06T12:09:55+00:00\" \/>\n<meta name=\"twitter:card\" content=\"summary_large_image\" \/>\n<script type=\"application\/ld+json\" class=\"yoast-schema-graph\">{\"@context\":\"https:\\\/\\\/schema.org\",\"@graph\":[{\"@type\":\"WebPage\",\"@id\":\"https:\\\/\\\/19poludnik.pl\\\/en\\\/contact\\\/\",\"url\":\"https:\\\/\\\/19poludnik.pl\\\/en\\\/contact\\\/\",\"name\":\"19 Po\u0142udnik - Kontakt z nami\",\"isPartOf\":{\"@id\":\"https:\\\/\\\/19poludnik.pl\\\/#website\"},\"datePublished\":\"2021-02-15T08:32:40+00:00\",\"dateModified\":\"2024-02-06T12:09:55+00:00\",\"description\":\"Porozmawiajmy o tym, jak mo\u017cemy zrealizowa\u0107 Twoje cele. Skontaktuj si\u0119 z nami w sprawie nowej strategii, nowej strony WWW, kampanii reklamowej\",\"breadcrumb\":{\"@id\":\"https:\\\/\\\/19poludnik.pl\\\/en\\\/contact\\\/#breadcrumb\"},\"inLanguage\":\"en-US\",\"potentialAction\":[{\"@type\":\"ReadAction\",\"target\":[\"https:\\\/\\\/19poludnik.pl\\\/en\\\/contact\\\/\"]}]},{\"@type\":\"BreadcrumbList\",\"@id\":\"https:\\\/\\\/19poludnik.pl\\\/en\\\/contact\\\/#breadcrumb\",\"itemListElement\":[{\"@type\":\"ListItem\",\"position\":1,\"name\":\"Home\",\"item\":\"https:\\\/\\\/19poludnik.pl\\\/en\\\/\"},{\"@type\":\"ListItem\",\"position\":2,\"name\":\"contact\"}]},{\"@type\":\"WebSite\",\"@id\":\"https:\\\/\\\/19poludnik.pl\\\/#website\",\"url\":\"https:\\\/\\\/19poludnik.pl\\\/\",\"name\":\"19 Po\u0142udnik\",\"description\":\"Agencja strategiczna rozwijaj\u0105ca firmy w obszarze brandingu i technologii\",\"publisher\":{\"@id\":\"https:\\\/\\\/19poludnik.pl\\\/#organization\"},\"alternateName\":\"agencja 19 Po\u0142udnik\",\"potentialAction\":[{\"@type\":\"SearchAction\",\"target\":{\"@type\":\"EntryPoint\",\"urlTemplate\":\"https:\\\/\\\/19poludnik.pl\\\/?s={search_term_string}\"},\"query-input\":{\"@type\":\"PropertyValueSpecification\",\"valueRequired\":true,\"valueName\":\"search_term_string\"}}],\"inLanguage\":\"en-US\"},{\"@type\":\"Organization\",\"@id\":\"https:\\\/\\\/19poludnik.pl\\\/#organization\",\"name\":\"19 Po\u0142udnik\",\"url\":\"https:\\\/\\\/19poludnik.pl\\\/\",\"logo\":{\"@type\":\"ImageObject\",\"inLanguage\":\"en-US\",\"@id\":\"https:\\\/\\\/19poludnik.pl\\\/#\\\/schema\\\/logo\\\/image\\\/\",\"url\":\"https:\\\/\\\/19poludnik.pl\\\/wp-content\\\/uploads\\\/2021\\\/03\\\/cropped-favicon.jpg\",\"contentUrl\":\"https:\\\/\\\/19poludnik.pl\\\/wp-content\\\/uploads\\\/2021\\\/03\\\/cropped-favicon.jpg\",\"width\":512,\"height\":512,\"caption\":\"19 Po\u0142udnik\"},\"image\":{\"@id\":\"https:\\\/\\\/19poludnik.pl\\\/#\\\/schema\\\/logo\\\/image\\\/\"},\"sameAs\":[\"https:\\\/\\\/www.facebook.com\\\/19poludnik\",\"https:\\\/\\\/www.instagram.com\\\/19_poludnik\\\/\",\"https:\\\/\\\/www.behance.net\\\/19poludnik\",\"https:\\\/\\\/www.linkedin.com\\\/company\\\/19poludnik\"]}]}<\/script>\n<!-- \/ Yoast SEO Premium plugin. -->","yoast_head_json":{"title":"19 Po\u0142udnik - Kontakt z nami","description":"Porozmawiajmy o tym, jak mo\u017cemy zrealizowa\u0107 Twoje cele. Skontaktuj si\u0119 z nami w sprawie nowej strategii, nowej strony WWW, kampanii reklamowej","robots":{"index":"index","follow":"follow","max-snippet":"max-snippet:-1","max-image-preview":"max-image-preview:large","max-video-preview":"max-video-preview:-1"},"canonical":"https:\/\/19poludnik.pl\/en\/contact\/","og_locale":"en_US","og_type":"article","og_title":"contact","og_description":"Porozmawiajmy o tym, jak mo\u017cemy zrealizowa\u0107 Twoje cele. Skontaktuj si\u0119 z nami w sprawie nowej strategii, nowej strony WWW, kampanii reklamowej","og_url":"https:\/\/19poludnik.pl\/en\/contact\/","og_site_name":"19 Po\u0142udnik","article_publisher":"https:\/\/www.facebook.com\/19poludnik","article_modified_time":"2024-02-06T12:09:55+00:00","twitter_card":"summary_large_image","schema":{"@context":"https:\/\/schema.org","@graph":[{"@type":"WebPage","@id":"https:\/\/19poludnik.pl\/en\/contact\/","url":"https:\/\/19poludnik.pl\/en\/contact\/","name":"19 Po\u0142udnik - Kontakt z nami","isPartOf":{"@id":"https:\/\/19poludnik.pl\/#website"},"datePublished":"2021-02-15T08:32:40+00:00","dateModified":"2024-02-06T12:09:55+00:00","description":"Porozmawiajmy o tym, jak mo\u017cemy zrealizowa\u0107 Twoje cele. Skontaktuj si\u0119 z nami w sprawie nowej strategii, nowej strony WWW, kampanii reklamowej","breadcrumb":{"@id":"https:\/\/19poludnik.pl\/en\/contact\/#breadcrumb"},"inLanguage":"en-US","potentialAction":[{"@type":"ReadAction","target":["https:\/\/19poludnik.pl\/en\/contact\/"]}]},{"@type":"BreadcrumbList","@id":"https:\/\/19poludnik.pl\/en\/contact\/#breadcrumb","itemListElement":[{"@type":"ListItem","position":1,"name":"Home","item":"https:\/\/19poludnik.pl\/en\/"},{"@type":"ListItem","position":2,"name":"contact"}]},{"@type":"WebSite","@id":"https:\/\/19poludnik.pl\/#website","url":"https:\/\/19poludnik.pl\/","name":"19 Po\u0142udnik","description":"Agencja strategiczna rozwijaj\u0105ca firmy w obszarze brandingu i technologii","publisher":{"@id":"https:\/\/19poludnik.pl\/#organization"},"alternateName":"agencja 19 Po\u0142udnik","potentialAction":[{"@type":"SearchAction","target":{"@type":"EntryPoint","urlTemplate":"https:\/\/19poludnik.pl\/?s={search_term_string}"},"query-input":{"@type":"PropertyValueSpecification","valueRequired":true,"valueName":"search_term_string"}}],"inLanguage":"en-US"},{"@type":"Organization","@id":"https:\/\/19poludnik.pl\/#organization","name":"19 Po\u0142udnik","url":"https:\/\/19poludnik.pl\/","logo":{"@type":"ImageObject","inLanguage":"en-US","@id":"https:\/\/19poludnik.pl\/#\/schema\/logo\/image\/","url":"https:\/\/19poludnik.pl\/wp-content\/uploads\/2021\/03\/cropped-favicon.jpg","contentUrl":"https:\/\/19poludnik.pl\/wp-content\/uploads\/2021\/03\/cropped-favicon.jpg","width":512,"height":512,"caption":"19 Po\u0142udnik"},"image":{"@id":"https:\/\/19poludnik.pl\/#\/schema\/logo\/image\/"},"sameAs":["https:\/\/www.facebook.com\/19poludnik","https:\/\/www.instagram.com\/19_poludnik\/","https:\/\/www.behance.net\/19poludnik","https:\/\/www.linkedin.com\/company\/19poludnik"]}]}},"_links":{"self":[{"href":"https:\/\/19poludnik.pl\/en\/wp-json\/wp\/v2\/pages\/1685","targetHints":{"allow":["GET"]}}],"collection":[{"href":"https:\/\/19poludnik.pl\/en\/wp-json\/wp\/v2\/pages"}],"about":[{"href":"https:\/\/19poludnik.pl\/en\/wp-json\/wp\/v2\/types\/page"}],"author":[{"embeddable":true,"href":"https:\/\/19poludnik.pl\/en\/wp-json\/wp\/v2\/users\/6"}],"replies":[{"embeddable":true,"href":"https:\/\/19poludnik.pl\/en\/wp-json\/wp\/v2\/comments?post=1685"}],"version-history":[{"count":22,"href":"https:\/\/19poludnik.pl\/en\/wp-json\/wp\/v2\/pages\/1685\/revisions"}],"predecessor-version":[{"id":5462,"href":"https:\/\/19poludnik.pl\/en\/wp-json\/wp\/v2\/pages\/1685\/revisions\/5462"}],"wp:attachment":[{"href":"https:\/\/19poludnik.pl\/en\/wp-json\/wp\/v2\/media?parent=1685"}],"curies":[{"name":"wp","href":"https:\/\/api.w.org\/{rel}","templated":true}]}}